{"id":11585,"date":"2026-02-03T15:14:44","date_gmt":"2026-02-03T15:14:44","guid":{"rendered":"https:\/\/medusa-sdp.com\/?post_type=product&#038;p=11585"},"modified":"2026-04-24T09:31:38","modified_gmt":"2026-04-24T09:31:38","slug":"medusa-alcohol-free-value-pack","status":"publish","type":"product","link":"https:\/\/eu.shop.medusa-sdp.com\/tr\/urun\/medusa-alcohol-free-value-pack\/","title":{"rendered":"MEDUSA Alkols\u00fcz De\u011fer Paketi"},"content":{"rendered":"<table>\n<tbody>\n<tr>\n<td width=\"308\"><strong><b>Soru<\/b><\/strong><\/td>\n<td width=\"471\"><strong><b>Cevap<\/b><\/strong><\/td>\n<\/tr>\n<tr>\n<td width=\"308\"><strong><b>MEDUSA De\u011fer Paketi'nde ne var?<\/b><\/strong><\/td>\n<td width=\"471\">Bir adet 500 ml alkols\u00fcz dezenfektan sprey, iki adet 100'l\u00fc \u0131slak mendil yumu\u015fak paketi ve iki adet 10'lu cep tipi \u0131slak mendil. Toplam 1 sprey ve 220 \u0131slak mendil.<\/td>\n<\/tr>\n<tr>\n<td width=\"308\"><strong><b>De\u011fer Paketi Aile Paketinden nas\u0131l farkl\u0131d\u0131r?<\/b><\/strong><\/td>\n<td width=\"471\">Aile Paketi daha b\u00fcy\u00fckt\u00fcr \u2014 2 sprey, 3 yumu\u015fak paket, 4 cep paketi (daha b\u00fcy\u00fck evler i\u00e7in tasarlanm\u0131\u015ft\u0131r). De\u011fer Paketi 1 sprey, 2 yumu\u015fak paket, 2 cep paketi i\u00e7erir \u2014 \u00e7iftler, k\u00fc\u00e7\u00fck evler veya ilk kez al\u0131c\u0131lar i\u00e7in idealdir.<\/td>\n<\/tr>\n<tr>\n<td width=\"308\"><strong><b>Her \u015fey alkols\u00fcz m\u00fc?<\/b><\/strong><\/td>\n<td width=\"471\">Evet. Her \u00fcr\u00fcn MEDUSA'n\u0131n alkols\u00fcz form\u00fcl\u00fcyle, etanol, izopropil alkol ve yan\u0131c\u0131 madde i\u00e7ermez.<\/td>\n<\/tr>\n<tr>\n<td width=\"308\"><strong><b>Koruma ne kadar s\u00fcrer?<\/b><\/strong><\/td>\n<td width=\"471\">Sprey ve mendiller i\u00e7in uygulama ba\u015f\u0131na 10 g\u00fcne kadar. Y\u00fczeyler temizlikler aras\u0131nda aktif olarak korunur.<\/td>\n<\/tr>\n<tr>\n<td width=\"308\"><strong><b>Evcil hayvanlar\u0131n \u00e7evresinde kullanmak g\u00fcvenli midir?<\/b><\/strong><\/td>\n<td width=\"471\">Evet. Uygulan\u0131p tamamen kuruduktan sonra, i\u015flem g\u00f6rm\u00fc\u015f y\u00fczeyler evcil hayvanlar i\u00e7in tamamen g\u00fcvenlidir. Zararl\u0131 kal\u0131nt\u0131 b\u0131rakmaz.<\/td>\n<\/tr>\n<tr>\n<td width=\"308\"><strong><b>Elektroni\u011fe spreyi kullanabilir miyim?<\/b><\/strong><\/td>\n<td width=\"471\">Evet. Bir mikrofiber beze p\u00fcsk\u00fcrt\u00fcn ve telefonunuzu, tabletinizi, diz\u00fcst\u00fc bilgisayar\u0131n\u0131z\u0131 ve klavyenizi silin. Alkol i\u00e7ermeyen form\u00fcl, ekranlara veya hassas elektronik cihazlara zarar vermez.<\/td>\n<\/tr>\n<tr>\n<td width=\"308\"><strong><b>Value Pack ile ne kadar tasarruf ederim?<\/b><\/strong><\/td>\n<td width=\"471\">De\u011fer Paketi, her bir \u00fcr\u00fcn\u00fc ayr\u0131 ayr\u0131 sat\u0131n almaya k\u0131yasla% indirim sunar.<\/td>\n<\/tr>\n<tr>\n<td width=\"308\"><strong><b>Ofis kullan\u0131m\u0131 i\u00e7in uygun mu?<\/b><\/strong><\/td>\n<td width=\"471\">Kesinlikle. Spreyi masan\u0131zda, yumu\u015fak paketlerden birini \u00e7ekmecede ve cep paketlerini \u00e7antan\u0131zda bulundurun. \u00c7al\u0131\u015fma alan\u0131n\u0131z i\u00e7in profesyonel d\u00fczeyde dezenfeksiyon.<\/td>\n<\/tr>\n<tr>\n<td width=\"308\"><strong><b>Hangi patojenleri \u00f6ld\u00fcr\u00fcr?<\/b><\/strong><\/td>\n<td width=\"471\">99.99% of bacteria, viruses, and fungi including Staphylococcus aureus, E. coli, Pseudomonas aeruginosa, Candida albicans and Influenza.<\/td>\n<\/tr>\n<tr>\n<td width=\"308\"><strong><b>Sertifikal\u0131 m\u0131?<\/b><\/strong><\/td>\n<td width=\"471\">Evet. T\u00fcm \u00fcr\u00fcnler uluslararas\u0131 akredite laboratuvarlarda test edilmekte ve BS EN 1276:2019 standartlar\u0131na g\u00f6re sertifikaland\u0131r\u0131lmaktad\u0131r.<\/td>\n<\/tr>\n<\/tbody>\n<\/table>","protected":false},"excerpt":{"rendered":"<ol>\n<li><strong>Ak\u0131ll\u0131 Orta Boy Paket<\/strong> \u2014 500 ml alkols\u00fcz dezenfektan sprey, iki adet 100'l\u00fc yumu\u015fak paket \u0131slak mendil ve iki adet 10'lu cep boyu \u0131slak mendil. \u00c7iftler, k\u00fc\u00e7\u00fck haneler veya MEDUSA'y\u0131 denemek i\u00e7in ba\u015flang\u0131\u00e7 seti olarak tam ideal miktar.<\/li>\n<li><strong>Her Format \u0130\u00e7in 10 G\u00fcnl\u00fck Koruma<\/strong> \u2014 Value Pack'teki her \u00fcr\u00fcn ayn\u0131 uzun \u00f6m\u00fcrl\u00fc antimikrobiyal korumay\u0131 sa\u011flar. S\u0131k\u0131n, silin ve ta\u015f\u0131y\u0131n \u2014 her yerde korunun.<\/li>\n<li><strong>Alkol \u0130\u00e7ermez ve Aile Dostudur<\/strong> \u2014 Toksik olmayan, yan\u0131c\u0131 olmayan, sert kimyasal kal\u0131nt\u0131s\u0131 b\u0131rakmaz. \u00c7ocuklar, evcil hayvanlar ve elektronikler ile yiyecek alanlar\u0131 dahil hassas y\u00fczeyler i\u00e7in g\u00fcvenlidir.<\/li>\n<li><strong>10% Paket vs Bireysel Sat\u0131n Alma<\/strong> \u2014 T\u00fcketici dostu fiyat noktas\u0131nda profesyonel d\u00fczeyde dezenfeksiyon. Her \u00fcr\u00fcn\u00fc ayr\u0131 ayr\u0131 almaktan daha fazla dirhem ba\u015f\u0131na de\u011fer.<\/li>\n<li><strong>Laboratuvar Onayl\u0131 Etkinlik<\/strong> \u2014 Her \u00fcr\u00fcn, bakterilerin, vir\u00fcslerin ve mantarlar\u0131n ,99'unu% \u00f6ld\u00fcr\u00fcr. Uluslararas\u0131 akredite laboratuvarlarda test edilmi\u015ftir. BS EN 1276:2019'a g\u00f6re sertifikal\u0131d\u0131r.<\/li>\n<\/ol>","protected":false},"featured_media":23312,"comment_status":"open","ping_status":"closed","template":"","meta":[],"product_brand":[],"product_cat":[99],"product_tag":[72,76],"class_list":{"0":"post-11585","1":"product","2":"type-product","3":"status-publish","4":"has-post-thumbnail","6":"product_cat-protection-bundles","7":"product_tag-disinfectant","8":"product_tag-pouch","10":"first","11":"instock","12":"taxable","13":"shipping-taxable","14":"purchasable","15":"product-type-simple"},"_links":{"self":[{"href":"https:\/\/eu.shop.medusa-sdp.com\/tr\/wp-json\/wp\/v2\/product\/11585","targetHints":{"allow":["GET"]}}],"collection":[{"href":"https:\/\/eu.shop.medusa-sdp.com\/tr\/wp-json\/wp\/v2\/product"}],"about":[{"href":"https:\/\/eu.shop.medusa-sdp.com\/tr\/wp-json\/wp\/v2\/types\/product"}],"replies":[{"embeddable":true,"href":"https:\/\/eu.shop.medusa-sdp.com\/tr\/wp-json\/wp\/v2\/comments?post=11585"}],"wp:featuredmedia":[{"embeddable":true,"href":"https:\/\/eu.shop.medusa-sdp.com\/tr\/wp-json\/wp\/v2\/media\/23312"}],"wp:attachment":[{"href":"https:\/\/eu.shop.medusa-sdp.com\/tr\/wp-json\/wp\/v2\/media?parent=11585"}],"wp:term":[{"taxonomy":"product_brand","embeddable":true,"href":"https:\/\/eu.shop.medusa-sdp.com\/tr\/wp-json\/wp\/v2\/product_brand?post=11585"},{"taxonomy":"product_cat","embeddable":true,"href":"https:\/\/eu.shop.medusa-sdp.com\/tr\/wp-json\/wp\/v2\/product_cat?post=11585"},{"taxonomy":"product_tag","embeddable":true,"href":"https:\/\/eu.shop.medusa-sdp.com\/tr\/wp-json\/wp\/v2\/product_tag?post=11585"}],"curies":[{"name":"wp","href":"https:\/\/api.w.org\/{rel}","templated":true}]}}