{"id":11587,"date":"2026-02-03T15:17:30","date_gmt":"2026-02-03T15:17:30","guid":{"rendered":"https:\/\/medusa-sdp.com\/?post_type=product&#038;p=11587"},"modified":"2026-04-24T09:14:03","modified_gmt":"2026-04-24T09:14:03","slug":"medusa-alcohol-free-single-pack","status":"publish","type":"product","link":"https:\/\/eu.shop.medusa-sdp.com\/tr\/urun\/medusa-alcohol-free-single-pack\/","title":{"rendered":"MEDUSA Alkols\u00fcz Tekli Paket"},"content":{"rendered":"<table>\n<tbody>\n<tr>\n<td width=\"308\"><strong><b>Soru<\/b><\/strong><\/td>\n<td width=\"471\"><strong><b>Cevap<\/b><\/strong><\/td>\n<\/tr>\n<tr>\n<td width=\"308\"><strong><b>MEDUSA Tekli Paketinde ne var?<\/b><\/strong><\/td>\n<td width=\"471\">Bir adet 500 ml alkols\u00fcz dezenfektan sprey, bir adet yumu\u015fak paket 100'l\u00fc mendil ve bir adet cep mendili 10'lu paket.<\/td>\n<\/tr>\n<tr>\n<td width=\"308\"><strong><b>Tek Paket kimler i\u00e7indir?<\/b><\/strong><\/td>\n<td width=\"471\">\u0130lk kez al\u0131c\u0131lar, bireyler veya daha b\u00fcy\u00fck bir paket sat\u0131n almadan \u00f6nce tam MEDUSA \u00fcr\u00fcn yelpazesini denemek isteyen herkes i\u00e7in ideal ba\u015flang\u0131\u00e7 \u200b\u200bseti. Harika bir hediye se\u00e7ene\u011fi de olabilir.<\/td>\n<\/tr>\n<tr>\n<td width=\"308\"><strong><b>Value Pack ve Family Pack'ten fark\u0131 nedir?<\/b><\/strong><\/td>\n<td width=\"471\">Tekli Paket en k\u00fc\u00e7\u00fck pakettir (1 sprey, 1 yumu\u015fak paket, 1 cep paketi). De\u011fer Paketi mendil say\u0131s\u0131n\u0131 ikiye katlar. Aile Paketi ise en b\u00fcy\u00fc\u011f\u00fcd\u00fcr. Hepsi alkols\u00fcz form\u00fcl ve 10 g\u00fcn koruma sa\u011flar.<\/td>\n<\/tr>\n<tr>\n<td width=\"308\"><strong><b>Ne kadar tasarruf ediyorum?<\/b><\/strong><\/td>\n<td width=\"471\">25% off compared to purchasing each item individually \u2014 the highest discount percentage in the MEDUSA range.<\/td>\n<\/tr>\n<tr>\n<td width=\"308\"><strong><b>Sprey ger\u00e7ekten bir y\u00fczeyde 10 g\u00fcn kal\u0131r m\u0131?<\/b><\/strong><\/td>\n<td width=\"471\">Evet. MEDUSA, y\u00fczeye ba\u011flanan ve 10 g\u00fcne kadar patojen \u00f6ld\u00fcrmeye devam eden g\u00f6r\u00fcnmez bir antimikrobiyal katman olu\u015fturur. BS EN 1276:2019 uyar\u0131nca uluslararas\u0131 akredite laboratuvarlarda do\u011frulanm\u0131\u015ft\u0131r.<\/td>\n<\/tr>\n<tr>\n<td width=\"308\"><strong><b>Yeni do\u011fan bir bebek i\u00e7in g\u00fcvenli midir?<\/b><\/strong><\/td>\n<td width=\"471\">Evet. Alkol i\u00e7ermeyen form\u00fcl\u00fc kurudu\u011funda toksik de\u011fildir, zararl\u0131 kal\u0131nt\u0131 b\u0131rakmaz ve yan\u0131c\u0131 madde i\u00e7ermez. Kre\u015fler dahil hassas ortamlar i\u00e7in tasarlanm\u0131\u015ft\u0131r.<\/td>\n<\/tr>\n<tr>\n<td width=\"308\"><strong><b>Telefonumda \u0131slak mendil kullanabilir miyim?<\/b><\/strong><\/td>\n<td width=\"471\">Evet. Alkol i\u00e7ermeyen mendiller telefonlar, tabletler, diz\u00fcst\u00fc bilgisayarlar ve ki\u015fisel elektronikler i\u00e7in g\u00fcvenlidir. Ekran hasar\u0131 veya leke b\u0131rakmaz.<\/td>\n<\/tr>\n<tr>\n<td width=\"308\"><strong><b>Tekli Paket alkol bazl\u0131 olarak mevcut mu?<\/b><\/strong><\/td>\n<td width=\"471\">Tek Paket \u015fu anda yaln\u0131zca alkols\u00fcz form\u00fcl\u00fcyle mevcuttur, bu da onu t\u00fcm ortamlar ve kullan\u0131c\u0131lar i\u00e7in evrensel olarak g\u00fcvenli hale getirir.<\/td>\n<\/tr>\n<tr>\n<td width=\"308\"><strong><b>\u00dcr\u00fcnler bana ne kadar s\u00fcre dayan\u0131r?<\/b><\/strong><\/td>\n<td width=\"471\">Tipik 1-2 odal\u0131 bir ev i\u00e7in: 500 ml'lik sprey, y\u00fcksek temasl\u0131 y\u00fczeylerin tamam\u0131n\u0131 birka\u00e7 hafta boyunca kapsar (her uygulama 10 g\u00fcn s\u00fcrer), 100'l\u00fc mendil 2-3 ayl\u0131k g\u00fcnl\u00fck kullan\u0131m i\u00e7in yeterlidir ve cep boyu paket birka\u00e7 gezi boyunca idare eder.<\/td>\n<\/tr>\n<tr>\n<td width=\"308\"><strong><b>Sertifikal\u0131 m\u0131?<\/b><\/strong><\/td>\n<td width=\"471\">Evet. T\u00fcm \u00fcr\u00fcnler uluslararas\u0131 akredite laboratuvarlarda test edilmekte ve BS EN 1276:2019 standartlar\u0131na g\u00f6re sertifikaland\u0131r\u0131lmaktad\u0131r.<\/td>\n<\/tr>\n<\/tbody>\n<\/table>","protected":false},"excerpt":{"rendered":"<ol>\n<li><strong>MEDUSA'ya M\u00fckemmel Bir Giri\u015f<\/strong> \u2014 500 ml alkols\u00fcz sprey, 100'l\u00fc yumu\u015fak ambalaj \u0131slak mendil ve 10'lu cep boyu \u0131slak mendil. En d\u00fc\u015f\u00fck giri\u015f noktas\u0131yla tam MEDUSA deneyimini ya\u015fay\u0131n.<\/li>\n<li><strong>Her \u00dcr\u00fcnde 10 G\u00fcn Koruma<\/strong> Bu kompakt pakette bile, her sprey ve mendil, daha b\u00fcy\u00fck paketlerle ayn\u0131 laboratuvar onayl\u0131 10 g\u00fcnl\u00fck antimikrobiyal koruma sa\u011flar.<\/li>\n<li><strong>Alkol \u0130\u00e7ermez ve Tamamen G\u00fcvenlidir<\/strong> \u2014 Zehirsiz, yanmaz, sert kal\u0131nt\u0131 b\u0131rakmaz. \u00c7ocuklu ve evcil hayvanl\u0131 evler i\u00e7in g\u00fcvenli, elektronikler ve g\u0131da alanlar\u0131 dahil t\u00fcm y\u00fczeyler i\u00e7in uygundur.<\/li>\n<li><strong>Evde + Seyahatte Tek Kutu<\/strong> \u2014 Sprey ev y\u00fczeylerini kaplar. Yumu\u015fak paket g\u00fcnl\u00fck silme i\u015flemleri i\u00e7in uygundur. Cep paketi yan\u0131n\u0131zda seyahat eder. Tam kapsama, minimum taahh\u00fct.<\/li>\n<li><strong>25% \u0130ndirimli vs Bireysel Sat\u0131n Al\u0131m<\/strong> Tekli Paket, MEDUSA serisindeki en b\u00fcy\u00fck indirimi sunarak 10 g\u00fcnl\u00fck dezenfektan korumas\u0131n\u0131 deneyimlemenin en uygun fiyatl\u0131 yolu haline geliyor.<\/li>\n<\/ol>","protected":false},"featured_media":23281,"comment_status":"open","ping_status":"closed","template":"","meta":[],"product_brand":[],"product_cat":[99],"product_tag":[72,76],"class_list":{"0":"post-11587","1":"product","2":"type-product","3":"status-publish","4":"has-post-thumbnail","6":"product_cat-protection-bundles","7":"product_tag-disinfectant","8":"product_tag-pouch","10":"first","11":"instock","12":"taxable","13":"shipping-taxable","14":"purchasable","15":"product-type-simple"},"_links":{"self":[{"href":"https:\/\/eu.shop.medusa-sdp.com\/tr\/wp-json\/wp\/v2\/product\/11587","targetHints":{"allow":["GET"]}}],"collection":[{"href":"https:\/\/eu.shop.medusa-sdp.com\/tr\/wp-json\/wp\/v2\/product"}],"about":[{"href":"https:\/\/eu.shop.medusa-sdp.com\/tr\/wp-json\/wp\/v2\/types\/product"}],"replies":[{"embeddable":true,"href":"https:\/\/eu.shop.medusa-sdp.com\/tr\/wp-json\/wp\/v2\/comments?post=11587"}],"wp:featuredmedia":[{"embeddable":true,"href":"https:\/\/eu.shop.medusa-sdp.com\/tr\/wp-json\/wp\/v2\/media\/23281"}],"wp:attachment":[{"href":"https:\/\/eu.shop.medusa-sdp.com\/tr\/wp-json\/wp\/v2\/media?parent=11587"}],"wp:term":[{"taxonomy":"product_brand","embeddable":true,"href":"https:\/\/eu.shop.medusa-sdp.com\/tr\/wp-json\/wp\/v2\/product_brand?post=11587"},{"taxonomy":"product_cat","embeddable":true,"href":"https:\/\/eu.shop.medusa-sdp.com\/tr\/wp-json\/wp\/v2\/product_cat?post=11587"},{"taxonomy":"product_tag","embeddable":true,"href":"https:\/\/eu.shop.medusa-sdp.com\/tr\/wp-json\/wp\/v2\/product_tag?post=11587"}],"curies":[{"name":"wp","href":"https:\/\/api.w.org\/{rel}","templated":true}]}}