{"id":49,"date":"2024-01-18T08:22:46","date_gmt":"2024-01-18T08:22:46","guid":{"rendered":"https:\/\/ovix.xpressbuddy.com\/?post_type=product&#038;p=49"},"modified":"2026-04-30T11:28:41","modified_gmt":"2026-04-30T06:28:41","slug":"medusa-disinfectant-alcohol-based-spray-500-ml","status":"publish","type":"product","link":"https:\/\/eu.shop.medusa-sdp.com\/tr\/urun\/medusa-disinfectant-alcohol-based-spray-500-ml\/","title":{"rendered":"MEDUSA Dezenfektan Alkoll\u00fc Sprey 500 ML"},"content":{"rendered":"<table>\n<tbody>\n<tr>\n<td width=\"308\"><strong><b>Soru<\/b><\/strong><\/td>\n<td width=\"471\"><strong><b>Cevap<\/b><\/strong><\/td>\n<\/tr>\n<tr>\n<td width=\"308\"><strong><b>MEDUSA Alkol Bazl\u0131 Sprey y\u00fczeyleri ne kadar s\u00fcreyle korur?<\/b><\/strong><\/td>\n<td width=\"471\">MEDUSA, geleneksel dezenfektanlar\u0131n dakikalar i\u00e7inde etkisini yitirmesinin \u00e7ok \u00f6tesinde, tek bir uygulamadan sonra 10 g\u00fcne kadar s\u00fcrekli antimikrobiyal koruma sa\u011flar.<\/td>\n<\/tr>\n<tr>\n<td width=\"308\"><strong><b>Hangi mikroplar\u0131 \u00f6ld\u00fcr\u00fcr?<\/b><\/strong><\/td>\n<td width=\"471\">It kills 99.99% of bacteria and viruses including Staphylococcus aureus, E. coli, Pseudomonas aeruginosa, Enterococcus hirae, Candida albicans, family viruses, and Influenza.<\/td>\n<\/tr>\n<tr>\n<td width=\"308\"><strong><b>Elektronik ve hassas y\u00fczeylerde kullanmak g\u00fcvenli midir?<\/b><\/strong><\/td>\n<td width=\"471\">Evet. Form\u00fcl, telefonlar, tabletler, klavyeler, t\u0131bbi ekipmanlar, paslanmaz \u00e7elik, cam ve plastik dahil olmak \u00fczere t\u00fcm sert y\u00fczeyler i\u00e7in tasarlanm\u0131\u015ft\u0131r. Y\u00fczeylere zarar vermez ve renklerini bozmaz.<\/td>\n<\/tr>\n<tr>\n<td width=\"308\"><strong><b>MEDUSA, Dettol veya Clorox'tan nas\u0131l farkl\u0131d\u0131r?<\/b><\/strong><\/td>\n<td width=\"471\">Uygulama an\u0131nda etkili olan geleneksel dezenfektanlar\u0131n aksine, MEDUSA, 10 g\u00fcne kadar mikroplar\u0131 \u00f6ld\u00fcrmeye devam eden kal\u0131c\u0131 bir antimikrobiyal tabaka olu\u015fturur. Bu, uygulama s\u0131kl\u0131\u011f\u0131n\u0131, i\u015f\u00e7ilik maliyetlerini ve kimyasal maruziyeti azalt\u0131r.<\/td>\n<\/tr>\n<tr>\n<td width=\"308\"><strong><b>Sertifikal\u0131 m\u0131?<\/b><\/strong><\/td>\n<td width=\"471\">Evet. MEDUSA, uluslararas\u0131 akredite laboratuvarlarda test edilmekte ve antimikrobiyal etkinlik i\u00e7in BS EN 1276:2019 standartlar\u0131n\u0131 kar\u015f\u0131lamaktad\u0131r.<\/td>\n<\/tr>\n<tr>\n<td width=\"308\"><strong><b>Bir hastanede veya klinik ortamda kullanabilir miyim?<\/b><\/strong><\/td>\n<td width=\"471\">Kesinlikle. MEDUSA, hastane k\u00f6kenli enfeksiyon patojenlerine, MRSA ile ili\u015fkili bakteriler dahil, kar\u015f\u0131 etkili ve profesyonel sa\u011fl\u0131k ortamlar\u0131 i\u00e7in form\u00fcle edilmi\u015ftir.<\/td>\n<\/tr>\n<tr>\n<td width=\"308\"><strong><b>Alkol zamanla y\u00fczeylere zarar verir mi?<\/b><\/strong><\/td>\n<td width=\"471\">Hay\u0131r. Form\u00fclasyon, y\u00fcksek konsantrasyonlu alkol \u00fcr\u00fcnlerinin a\u015f\u0131nd\u0131r\u0131c\u0131 etkileri olmadan etkili dezenfeksiyon sa\u011flayacak \u015fekilde dengelenmi\u015ftir.<\/td>\n<\/tr>\n<tr>\n<td width=\"308\"><strong><b>Nas\u0131l ba\u015fvuraca\u011f\u0131m?<\/b><\/strong><\/td>\n<td width=\"471\">Yakla\u015f\u0131k 15\u201320 cm mesafeden y\u00fczeye e\u015fit \u015fekilde p\u00fcsk\u00fcrt\u00fcn. Maksimum koruma i\u00e7in havada kurumaya b\u0131rak\u0131n. P\u00fcsk\u00fcrtt\u00fckten hemen sonra silmeyin.<\/td>\n<\/tr>\n<tr>\n<td width=\"308\"><strong><b>\u00c7ocuklar i\u00e7in g\u00fcvenli mi?<\/b><\/strong><\/td>\n<td width=\"471\">Talimatlara uygun \u015fekilde kullan\u0131ld\u0131\u011f\u0131nda ve kurumas\u0131na izin verildi\u011finde, i\u015flem g\u00f6rm\u00fc\u015f y\u00fczey g\u00fcvenlidir. Spreyi \u00e7ocuklar\u0131n ula\u015famayaca\u011f\u0131 bir yerde saklay\u0131n ve uygulama s\u0131ras\u0131nda do\u011frudan solumaktan ka\u00e7\u0131n\u0131n.<\/td>\n<\/tr>\n<tr>\n<td width=\"308\"><strong><b>Raf \u00f6mr\u00fc nedir?<\/b><\/strong><\/td>\n<td width=\"471\">MEDUSA dezenfektan spreyinin raf \u00f6mr\u00fc \u00fcr\u00fcn ambalaj\u0131nda belirtilmi\u015ftir. Serin ve kuru, do\u011frudan g\u00fcne\u015f \u0131\u015f\u0131\u011f\u0131ndan uzak bir yerde saklay\u0131n.<\/td>\n<\/tr>\n<\/tbody>\n<\/table>","protected":false},"excerpt":{"rendered":"<ol>\n<li><strong>10 G\u00fcn S\u00fcrekli Koruma<\/strong> Tek bir uygulama, y\u00fczeyleri 10 g\u00fcne kadar koruyarak s\u0131k s\u0131k yeniden uygulama ihtiyac\u0131n\u0131 azalt\u0131r.<\/li>\n<li><strong>Bakteri ve Vir\u00fcslerin ,99'unu% \u00d6ld\u00fcr\u00fcr<\/strong> : Staphylococcus aureus, E. coli, \u0130nfluenza ve Candida albicans'a kar\u015f\u0131 laboratuvar testinden ge\u00e7irilmi\u015ftir.<\/li>\n<li><strong>H\u0131zl\u0131 Etki Eden Alkol Form\u00fcl\u00fc<\/strong> Temasta an\u0131nda mikrop \u00f6ld\u00fcrme etkisine sahip h\u0131zl\u0131 buharla\u015fma.<\/li>\n<li><strong>T\u00fcm Y\u00fczeyler \u0130\u00e7in G\u00fcvenli<\/strong> Tezgahlar, t\u0131bbi ekipmanlar, elektronik aletler, kap\u0131 kollar\u0131 ve daha fazlas\u0131nda zarar vermeden kullan\u0131ma uygundur.<\/li>\n<li><strong>Sertifikal\u0131 ve Laboratuvar Testinden Ge\u00e7mi\u015f<\/strong> BS EN 1276:2019 standartlar\u0131na uygundur, uluslararas\u0131 akredite laboratuvarlarda test edilmi\u015ftir.<\/li>\n<\/ol>","protected":false},"featured_media":23259,"comment_status":"open","ping_status":"closed","template":"","meta":[],"product_brand":[],"product_cat":[102,64],"product_tag":[72,79,80],"class_list":{"0":"post-49","1":"product","2":"type-product","3":"status-publish","4":"has-post-thumbnail","6":"product_cat-coming-soon","7":"product_cat-liquids","8":"product_tag-disinfectant","9":"product_tag-spray","10":"product_tag-spray-bottle","12":"first","13":"instock","14":"taxable","15":"shipping-taxable","16":"product-type-simple"},"_links":{"self":[{"href":"https:\/\/eu.shop.medusa-sdp.com\/tr\/wp-json\/wp\/v2\/product\/49","targetHints":{"allow":["GET"]}}],"collection":[{"href":"https:\/\/eu.shop.medusa-sdp.com\/tr\/wp-json\/wp\/v2\/product"}],"about":[{"href":"https:\/\/eu.shop.medusa-sdp.com\/tr\/wp-json\/wp\/v2\/types\/product"}],"replies":[{"embeddable":true,"href":"https:\/\/eu.shop.medusa-sdp.com\/tr\/wp-json\/wp\/v2\/comments?post=49"}],"wp:featuredmedia":[{"embeddable":true,"href":"https:\/\/eu.shop.medusa-sdp.com\/tr\/wp-json\/wp\/v2\/media\/23259"}],"wp:attachment":[{"href":"https:\/\/eu.shop.medusa-sdp.com\/tr\/wp-json\/wp\/v2\/media?parent=49"}],"wp:term":[{"taxonomy":"product_brand","embeddable":true,"href":"https:\/\/eu.shop.medusa-sdp.com\/tr\/wp-json\/wp\/v2\/product_brand?post=49"},{"taxonomy":"product_cat","embeddable":true,"href":"https:\/\/eu.shop.medusa-sdp.com\/tr\/wp-json\/wp\/v2\/product_cat?post=49"},{"taxonomy":"product_tag","embeddable":true,"href":"https:\/\/eu.shop.medusa-sdp.com\/tr\/wp-json\/wp\/v2\/product_tag?post=49"}],"curies":[{"name":"wp","href":"https:\/\/api.w.org\/{rel}","templated":true}]}}